{"id":729,"date":"2017-01-02T08:30:09","date_gmt":"2017-01-02T08:30:09","guid":{"rendered":"https:\/\/demo.themegrill.com\/flash-default-2\/?page_id=12"},"modified":"2026-03-04T15:04:28","modified_gmt":"2026-03-04T13:04:28","slug":"contac","status":"publish","type":"page","link":"https:\/\/sae.eap.gr\/en\/contac\/","title":{"rendered":"Contact us"},"content":{"rendered":"<div data-elementor-type=\"wp-page\" data-elementor-id=\"729\" class=\"elementor elementor-729\">\n\t\t\t\t<div class=\"elementor-element elementor-element-605d8e32 e-flex e-con-boxed e-con e-parent\" data-id=\"605d8e32\" data-element_type=\"container\" data-e-type=\"container\">\n\t\t\t\t\t<div class=\"e-con-inner\">\n\t\t\t\t<div class=\"elementor-element elementor-element-27e86d0e elementor-widget elementor-widget-text-editor\" data-id=\"27e86d0e\" data-element_type=\"widget\" data-e-type=\"widget\" data-widget_type=\"text-editor.default\">\n\t\t\t\t<div class=\"elementor-widget-container\">\n\t\t\t\t\t\t\t\t\t\n<p>\u00a0<\/p>\n<h4><strong>Contact Form<\/strong><\/h4>\n<p>\u00a0<\/p>\n<p><div class=\"forminator-ui forminator-custom-form forminator-custom-form-1466 forminator-design--default  forminator_ajax\" data-forminator-render=\"0\" data-form=\"forminator-module-1466\" data-uid=\"69df4f52e8f07\"><\/div>\n<form\n\t\t\t\tid=\"forminator-module-1466\"\n\t\t\t\tclass=\"forminator-ui forminator-custom-form forminator-custom-form-1466 forminator-design--default  forminator_ajax\"\n\t\t\t\tmethod=\"post\"\n\t\t\t\tdata-forminator-render=\"0\"\n\t\t\t\tdata-form-id=\"1466\"\n\t\t\t\t data-color-option=\"default\" data-design=\"default\" data-grid=\"open\" style=\"display: none;\"\n\t\t\t\tdata-uid=\"69df4f52e8f07\" action=\"\"\n\t\t\t><input type=\"hidden\" name=\"trp-form-language\" value=\"en\"\/><\/p>\n<div role=\"alert\" aria-live=\"polite\" class=\"forminator-response-message forminator-error\" aria-hidden=\"true\"><\/div>\n<div class=\"forminator-row\">\n<div id=\"name-1\" class=\"forminator-field-name forminator-col forminator-col-12\">\n<div class=\"forminator-row forminator-no-margin\" data-multiple=\"true\">\n<div class=\"forminator-col forminator-col-md-6\">\n<div class=\"forminator-field\"><label for=\"forminator-field-first-name-1_69df4f52e8f07\" id=\"forminator-field-first-name-1_69df4f52e8f07-label\" class=\"forminator-label\">\u038c\u03bd\u03bf\u03bc\u03b1 <span class=\"forminator-required\">*<\/span><\/label><input type=\"text\" name=\"name-1-first-name\" placeholder=\"\" id=\"forminator-field-first-name-1_69df4f52e8f07\" class=\"forminator-input\" aria-required=\"true\" data-multi=\"1\" autocomplete=\"given-name\" value=\"\" \/><\/div>\n<\/div>\n<div class=\"forminator-col forminator-col-md-6\">\n<div class=\"forminator-field\"><label for=\"forminator-field-last-name-1_69df4f52e8f07\" id=\"forminator-field-last-name-1_69df4f52e8f07-label\" class=\"forminator-label\">\u0395\u03c0\u03ce\u03bd\u03c5\u03bc\u03bf <span class=\"forminator-required\">*<\/span><\/label><input type=\"text\" name=\"name-1-last-name\" placeholder=\"\" id=\"forminator-field-last-name-1_69df4f52e8f07\" class=\"forminator-input\" aria-required=\"true\" data-multi=\"1\" autocomplete=\"family-name\" value=\"\" \/><\/div>\n<\/div>\n<\/div>\n<\/div>\n<\/div>\n<div class=\"forminator-row\">\n<div id=\"email-1\" class=\"forminator-field-email forminator-col forminator-col-12\">\n<div class=\"forminator-field\"><label for=\"forminator-field-email-1_69df4f52e8f07\" id=\"forminator-field-email-1_69df4f52e8f07-label\" class=\"forminator-label\">Email <span class=\"forminator-required\">*<\/span><\/label><input type=\"email\" name=\"email-1\" value=\"\" placeholder=\"\" id=\"forminator-field-email-1_69df4f52e8f07\" class=\"forminator-input forminator-email--field\" data-required=\"true\" aria-required=\"true\" autocomplete=\"email\" \/><\/div>\n<\/div>\n<\/div>\n<div class=\"forminator-row\">\n<div id=\"textarea-1\" class=\"forminator-field-textarea forminator-col forminator-col-12\">\n<div class=\"forminator-field\"><label for=\"forminator-field-textarea-1_69df4f52e8f07\" id=\"forminator-field-textarea-1_69df4f52e8f07-label\" class=\"forminator-label\">Message <span class=\"forminator-required\">*<\/span><\/label><textarea name=\"textarea-1\" placeholder=\"\" id=\"forminator-field-textarea-1_69df4f52e8f07\" class=\"forminator-textarea\" rows=\"6\" style=\"min-height:140px;\" maxlength=\"180\" ><\/textarea><span id=\"forminator-field-textarea-1_69df4f52e8f07-description\" class=\"forminator-description\"><span data-limit=\"180\" data-type=\"characters\" data-editor=\"\">0 \/ 180<\/span><\/span><\/div>\n<\/div>\n<\/div>\n<div class=\"forminator-row\" style=\"margin: 0;\">\n<div id=\"captcha-1\" class=\"forminator-field-captcha  forminator-col-12\">\n<div class=\"forminator-captcha-left forminator-g-recaptcha recaptcha-invisible\" data-theme=\"light\" data-badge=\"bottomright\" data-sitekey=\"6LekRrYlAAAAAGod1pnv2XzcSXk6Va5C2xM8Gv4j\" data-size=\"invisible\"><\/div>\n<\/p><\/div>\n<\/div>\n<p><input type=\"hidden\" name=\"referer_url\" value=\"\" \/><\/p>\n<div class=\"forminator-row forminator-row-last\">\n<div class=\"forminator-col\">\n<div class=\"forminator-field\"><button class=\"forminator-button forminator-button-submit\">&Alpha;&pi;&omicron;&sigma;&tau;&omicron;&lambda;\u03ae<\/button><\/div>\n<\/div>\n<\/div>\n<p><input type=\"hidden\" id=\"forminator_nonce\" name=\"forminator_nonce\" value=\"d483854eba\" \/><input type=\"hidden\" name=\"_wp_http_referer\" value=\"\/en\/wp-json\/wp\/v2\/pages\/729\" \/><input type=\"hidden\" name=\"form_id\" value=\"1466\"><input type=\"hidden\" name=\"page_id\" value=\"729\"><input type=\"hidden\" name=\"form_type\" value=\"default\"><input type=\"hidden\" name=\"current_url\" value=\"https:\/\/sae.eap.gr\/en\/contac\/\"><input type=\"hidden\" name=\"render_id\" value=\"0\"><input type=\"hidden\" name=\"action\" value=\"forminator_submit_form_custom-forms\"><\/form><\/p>\n\n<div style=\"display: none;\"><a title=\"ankara escort\" href=\"http:\/\/ankararus.net\">ankara escort<\/a><br \/><a title=\"\u00e7ankaya escort\" href=\"http:\/\/telekiznumaralari.com\">\u00e7ankaya escort<\/a><br \/><a title=\"ankara escort\" href=\"http:\/\/escort-models.mobi\">\u00e7ankaya escort<\/a><br \/><a title=\"escort ankara\" href=\"http:\/\/ankararus.net\">escort ankara<\/a><br \/><a title=\"\u00e7ankaya escort\" href=\"http:\/\/ankararus.net\">\u00e7ankaya escort<\/a><br \/><a title=\"escort bayan \u00e7ankaya\" href=\"http:\/\/telekiznumaralari.com\">escort bayan \u00e7ankaya<\/a><br \/><a title=\"istanbul rus escort\" href=\"http:\/\/www.istanbulruseskort.com\">istanbul rus escort<\/a><br \/><a title=\"eryaman escort\" href=\"http:\/\/www.eryamaneskortlar.com\">eryaman escort<\/a><br \/><a title=\"escort bayan ankara\" href=\"http:\/\/ankararus.net\">escort bayan ankara<\/a><br \/><a title=\"ankara escort\" href=\"http:\/\/telekiznumaralari.com\">ankara escort<\/a><br \/><a title=\"ankara escort\" href=\"http:\/\/www.hungthinh434.com\">k\u0131z\u0131lay escort<\/a><br \/><a title=\"istanbul escort\" href=\"http:\/\/www.daidalosestate.com\">istanbul escort<\/a><br \/><a title=\"ankara escort\" href=\"http:\/\/www.forumzevk.com\">ankara escort<\/a><br \/><a title=\"ankara grup escort\" href=\"http:\/\/www.forumzevk.com\/ad-category\/ankara-grup-escort\/\">ankara grup escort<\/a><br \/><a title=\"ankara olgun escort\" href=\"http:\/\/www.forumzevk.com\/ad-category\/ankara-olgun-escort\/\">ankara olgun escort<\/a><br \/><a title=\"\u00e7ankaya escort\" href=\"http:\/\/www.forumzevk.com\/ad-category\/cankaya-escort\/\">\u00e7ankaya escort<\/a><br \/><a title=\"\u00e7ayyolu escort\" href=\"http:\/\/www.forumzevk.com\/ad-category\/cayyolu-escort\/\">\u00e7ayyolu escort<\/a><br \/><a title=\"cebeci escort\" href=\"http:\/\/www.forumzevk.com\/ad-category\/cebeci-escort\/\">cebeci escort<\/a><br \/><a title=\"dikmen escort\" href=\"http:\/\/www.forumzevk.com\/ad-category\/dikmen-escort\/\">dikmen escort<\/a><br \/><a title=\"eryaman escort\" href=\"http:\/\/www.forumzevk.com\/ad-category\/eryaman-escort\/\">eryaman escort<\/a><br \/><a title=\"etlik escort\" href=\"http:\/\/www.forumzevk.com\/ad-category\/etlik-escort\/\">etlik escort<\/a><br \/><a title=\"gaziosmanpa\u015fa escort\" href=\"http:\/\/www.forumzevk.com\/ad-category\/gaziosmanpasa-escort\/\">gaziosmanpa\u015fa escort<\/a><br \/><a title=\"ke\u00e7i\u00f6ren escort\" href=\"http:\/\/www.forumzevk.com\/ad-category\/kecioren-escort\/\">ke\u00e7i\u00f6ren escort<\/a><br \/><a href=\"http:\/\/www.forumzevk.com\/ad-category\/kizilay-escort-2\/ title=\">k\u0131z\u0131lay escort<\/a><br \/><a title=\"sincan escort\" href=\"http:\/\/www.forumzevk.com\/ad-category\/sincan-escort\/\">sincan escort<\/a><br \/><a title=\"turan g\u00fcne\u015f escort\" href=\"http:\/\/www.forumzevk.com\/ad-category\/turan-gunes-escort\/\">turan g\u00fcne\u015f escort<\/a><br \/><a title=\"ankara escort\" href=\"https:\/\/www.degisiklink.com\/\">ankara escort<\/a><br \/><a title=\"ankara rus escort\" href=\"https:\/\/www.degisiklink.com\/ad-category\/ankara-rus-escort\/\">ankara rus escort<\/a><br \/><a title=\"ankara escort\" href=\"https:\/\/www.degisiklink.com\/ad-category\/ankara-escort\/\">ankara escort<\/a><br \/><a title=\"\u00e7ankaya escort\" href=\"https:\/\/www.degisiklink.com\/ad-category\/cankaya-escort\/\">\u00e7ankaya escort<\/a><br \/><a title=\"\u00e7ayyolu escort\" href=\"https:\/\/www.degisiklink.com\/ad-category\/cayyolu-escort\/\">\u00e7ayyolu escort<\/a><br \/><a title=\"dikmen escort\" href=\"https:\/\/www.degisiklink.com\/ad-category\/dikmen-escort\/\">dikmen escort<\/a><br \/><a title=\"eryaman escort\" href=\"https:\/\/www.degisiklink.com\/ad-category\/eryaman-escort\/\">eryaman escort<\/a><br \/><a title=\"gaziosmanpa\u015fa escort\" href=\"https:\/\/www.degisiklink.com\/ad-category\/gaziosmanpasa-escort\/\">gaziosmanpa\u015fa escort<\/a><br \/><a title=\"incek escort\" href=\"https:\/\/www.degisiklink.com\/ad-category\/incek-escort\/\">incek escort<\/a><br \/><a title=\"ankara olgun escort\" href=\"https:\/\/www.degisiklink.com\/ad-category\/ankara-olgun-escort\/\">ankara olgun escort<\/a><br \/><a title=\"k\u0131z\u0131lay escort\" href=\"https:\/\/www.degisiklink.com\/ad-category\/kizilay-escort\/\">k\u0131z\u0131lay escort<\/a><br \/><a title=\"ke\u00e7i\u00f6ren escort\" href=\"https:\/\/www.degisiklink.com\/ad-category\/kecioren-escort\/\">ke\u00e7i\u00f6ren escort<\/a><br \/><a title=\"cebeci escort\" href=\"https:\/\/www.degisiklink.com\/ad-category\/cebeci-escort\/\">cebeci escort<\/a><br \/><a title=\"ankara rus escort\" href=\"http:\/\/ankararus.net\">ankara rus escort<\/a><br \/><a title=\"escort \u00e7ankaya\" href=\"http:\/\/telekiznumaralari.com\">escort \u00e7ankaya<\/a><br \/><a title=\"ankara escort bayan\" href=\"http:\/\/ankararus.net\">ankara escort bayan<\/a><br \/><a title=\"istanbul rus escort\" href=\"http:\/\/www.istanbulruseskort.com\">istanbul rus Escort<\/a><br \/><a title=\"istanbul atasehir escort\" href=\"http:\/\/www.istanbulescortnet.com\">atasehir Escort<\/a><br \/><a title=\"beylikduzu escort\" href=\"http:\/\/www.escortbayanvitrini.com\">beylikduzu Escort<\/a><br \/><a title=\"Ankara escort\" href=\"https:\/\/www.serverprobot.com\">Ankara Escort<\/a><br \/><a title=\"Ankara gen\u00e7 escort\" href=\"https:\/\/www.serverprobot.com\/ad-category\/ankara-genc-escort\/\">Ankara gen\u00e7 Escort<\/a><br \/><a title=\"Ankara mas\u00f6z\" href=\"https:\/\/www.serverprobot.com\/ad-category\/ankara-masoz\/\">Ankara mas\u00f6z<\/a><br \/><a title=\"Ankara rus escort\" href=\"https:\/\/www.serverprobot.com\/ad-category\/ankara-rus-escort\/\">Ankara rus Escort<\/a><br \/><a title=\"Ankara ucuz escort\" href=\"https:\/\/www.serverprobot.com\/ad-category\/ankara-ucuz-escort\/\">Ankara ucuz Escort<\/a><br \/><a title=\"Ankara vip escort\" href=\"https:\/\/www.serverprobot.com\/ad-category\/ankara-vip-escort\/\">Ankara vip Escort<\/a><br \/><a title=\"\u00e7ankaya escort\" href=\"https:\/\/www.serverprobot.com\/ad-category\/cankaya-escort\/\">\u00e7ankaya Escort<\/a><br \/><a title=\"ke\u00e7i\u00f6ren escort\" href=\"https:\/\/www.serverprobot.com\/ad-category\/kecioren-escort\/\">ke\u00e7i\u00f6ren Escort<\/a><br \/><a title=\"k\u0131z\u0131lay escort\" href=\"https:\/\/www.serverprobot.com\/ad-category\/kizilay-escort\/\">k\u0131z\u0131lay Escort<\/a><br \/><a title=\"s\u0131n\u0131rs\u0131z escort\" href=\"https:\/\/www.serverprobot.com\/ad-category\/sinirsiz-escort\/\">s\u0131n\u0131rs\u0131z Escort<\/a><br \/><a title=\"s\u0131hhiye escort\" href=\"https:\/\/www.serverprobot.com\/ad-category\/sihhiye-escort\/\">s\u0131hhiye Escort<\/a><br \/><a title=\"eryaman escort\" href=\"https:\/\/www.serverprobot.com\/ad-category\/eryaman-escort\/\">eryaman Escort<\/a><br \/><a title=\"dikmen escort\" href=\"https:\/\/www.serverprobot.com\/ad-category\/dikmen-escort\/\">dikmen Escort<\/a><br \/><a title=\"malatya escort\" href=\"http:\/\/www.retrojordantrade.com\">malatya Escort<\/a><br \/><a title=\"ku\u015fadas\u0131 escort\" href=\"http:\/\/www.pkwmusic.com\">ku\u015fadas\u0131 Escort<\/a><br \/><a title=\"antep escort\" href=\"http:\/\/www.bayanescortilayda.com\">gaziantep Escort<\/a><br \/><a title=\"izmir escort\" href=\"http:\/\/www.izmirilanlari.com\">izmir Escort<\/a><br \/><a title=\"antalya escort\" href=\"http:\/\/www.escortbayanantalya.org\/\">antalya Escort<\/a><br \/><a title=\"antep escort\" href=\"http:\/\/www.partnerbuse.com\/\">Gaziantep Escort<\/a><br \/><a title=\"Symlink shell, 404 shell, bypass shell, hack shell, Indosec shell, r57 shell, c99shell, litespeed bypass, shell indir, shell download\" href=\"http:\/\/r57shell.net\/\">Shell Download<\/a><\/div>\n\n<p>\u00a0<\/p>\n\t\t\t\t\t\t\t\t<\/div>\n\t\t\t\t<\/div>\n\t\t\t\t\t<\/div>\n\t\t\t\t<\/div>\n\t\t\t\t<\/div>","protected":false},"excerpt":{"rendered":"<p>\u00a0 \u03a6\u03cc\u03c1\u03bc\u03b1 \u0395\u03c0\u03b9\u03ba\u03bf\u03b9\u03bd\u03c9\u03bd\u03af\u03b1\u03c2 \u00a0 ankara escort\u00e7ankaya escort\u00e7ankaya escortescort ankara\u00e7ankaya escortescort bayan \u00e7ankayaistanbul rus escorteryaman escortescort bayan ankaraankara escortk\u0131z\u0131lay escortistanbul escortankara escortankara grup escortankara olgun escort\u00e7ankaya&hellip;<\/p>","protected":false},"author":6,"featured_media":749,"parent":0,"menu_order":0,"comment_status":"closed","ping_status":"closed","template":"","meta":{"footnotes":""},"class_list":["post-729","page","type-page","status-publish","has-post-thumbnail","hentry"],"_links":{"self":[{"href":"https:\/\/sae.eap.gr\/en\/wp-json\/wp\/v2\/pages\/729","targetHints":{"allow":["GET"]}}],"collection":[{"href":"https:\/\/sae.eap.gr\/en\/wp-json\/wp\/v2\/pages"}],"about":[{"href":"https:\/\/sae.eap.gr\/en\/wp-json\/wp\/v2\/types\/page"}],"author":[{"embeddable":true,"href":"https:\/\/sae.eap.gr\/en\/wp-json\/wp\/v2\/users\/6"}],"replies":[{"embeddable":true,"href":"https:\/\/sae.eap.gr\/en\/wp-json\/wp\/v2\/comments?post=729"}],"version-history":[{"count":20,"href":"https:\/\/sae.eap.gr\/en\/wp-json\/wp\/v2\/pages\/729\/revisions"}],"predecessor-version":[{"id":2081,"href":"https:\/\/sae.eap.gr\/en\/wp-json\/wp\/v2\/pages\/729\/revisions\/2081"}],"wp:featuredmedia":[{"embeddable":true,"href":"https:\/\/sae.eap.gr\/en\/wp-json\/wp\/v2\/media\/749"}],"wp:attachment":[{"href":"https:\/\/sae.eap.gr\/en\/wp-json\/wp\/v2\/media?parent=729"}],"curies":[{"name":"wp","href":"https:\/\/api.w.org\/{rel}","templated":true}]}}